{"id":12,"date":"2022-03-29T18:27:42","date_gmt":"2022-03-29T18:27:42","guid":{"rendered":"https:\/\/little-forest-trophy.de\/?page_id=12"},"modified":"2026-02-05T22:28:23","modified_gmt":"2026-02-05T22:28:23","slug":"richter","status":"publish","type":"page","link":"https:\/\/little-forest-trophy.de\/?page_id=12","title":{"rendered":"Richter"},"content":{"rendered":"<h3><span style=\"color: #000000;\"><strong>Betty Schwieren, Pr\u00fcfungsleitung Samstag<\/strong><\/span><\/h3>\n<p><a href=\"https:\/\/little-forest-trophy.de\/wp-content\/uploads\/2026\/01\/0C6A0668-scaled.jpg\" target=\"_blank\" rel=\"noopener\"><img fetchpriority=\"high\" decoding=\"async\" class=\"alignleft wp-image-619 size-medium\" src=\"https:\/\/little-forest-trophy.de\/wp-content\/uploads\/2026\/01\/0C6A0668-300x200.jpg\" alt=\"\" width=\"300\" height=\"200\" srcset=\"https:\/\/little-forest-trophy.de\/wp-content\/uploads\/2026\/01\/0C6A0668-300x200.jpg 300w, https:\/\/little-forest-trophy.de\/wp-content\/uploads\/2026\/01\/0C6A0668-1024x683.jpg 1024w, https:\/\/little-forest-trophy.de\/wp-content\/uploads\/2026\/01\/0C6A0668-768x512.jpg 768w, https:\/\/little-forest-trophy.de\/wp-content\/uploads\/2026\/01\/0C6A0668-1536x1024.jpg 1536w, https:\/\/little-forest-trophy.de\/wp-content\/uploads\/2026\/01\/0C6A0668-2048x1365.jpg 2048w\" sizes=\"(max-width: 300px) 100vw, 300px\" \/><\/a><\/p>\n<p><span style=\"color: #000000;\"><br \/>\nSeit \u00fcber 30 Jahren sind Retriever nun meine gro\u00dfe Leidenschaft. Ich war und bin fasziniert von ihrem Charakter, ihren F\u00e4higkeiten und ihrer st\u00e4ndigen Bereitschaft, mit ihrem Menschen zusammen zu arbeiten.<\/span><\/p>\n<p><span style=\"color: #000000;\">Und so war es nur selbstverst\u00e4ndlich, dass ich begann, meine Hunde, neben der Jagd und den klassischen deutschen Jagdpr\u00fcfungen auch auf nationalen und internationalen Workingtests, Field Trials und Mock Trials zu f\u00fchren.<\/span><\/p>\n<p><span style=\"color: #000000;\">Meine eigene Freude an der intensiven Arbeit mit den Hunden war es dann auch, die <\/span><span style=\"color: #000000;\">mich zu meiner Richtert\u00e4tigkeit als DRC Leistungsrichterin (MT und Dummy), Verbandsrichterin und Field Trial Richterin motivierte. Seit nunmehr fast 20 Jahren habe ich die Ehre und Freude im In \u2013 und Ausland auf den verschiedensten Veranstaltungen die Arbeit der Retriever zu beurteilen.<\/span><\/p>\n<p><span style=\"color: #000000;\">Auch wenn mir das Richten viel Freude bereitet, gibt es f\u00fcr mich nicht Sch\u00f6neres, als mit meinen Hunden gemeinsam mit Freunden zu trainieren, zur Jagd zu gehen und die ein oder andere Pr\u00fcfung selber zu f\u00fchren.<\/span><\/p>\n<p><span style=\"color: #000000;\">Ich freue mich \u00fcber die Einladung zum Richten der Little-Forest-Trophy 2026\u00a0und w\u00fcnsche uns allen sch\u00f6ne, spannenden Tage und allen teilnehmenden Teams viel Suchengl\u00fcck und Erfolg.<\/span><\/p>\n<p><span style=\"color: #000000;\">Betty Schwieren<\/span><\/p>\n<hr \/>\n<h3><span style=\"color: #000000;\"><strong>Norbert Theuerkauf, Pr\u00fcfungsleitung Sonntag<\/strong><\/span><\/h3>\n<p><span style=\"color: #000000;\"><a href=\"https:\/\/little-forest-trophy.de\/wp-content\/uploads\/2026\/01\/Norbert-Theuerkauf.jpg\" target=\"_blank\" rel=\"noopener\"><img decoding=\"async\" class=\"alignleft wp-image-615 size-medium\" src=\"https:\/\/little-forest-trophy.de\/wp-content\/uploads\/2026\/01\/Norbert-Theuerkauf-215x300.jpg\" alt=\"\" width=\"215\" height=\"300\" srcset=\"https:\/\/little-forest-trophy.de\/wp-content\/uploads\/2026\/01\/Norbert-Theuerkauf-215x300.jpg 215w, https:\/\/little-forest-trophy.de\/wp-content\/uploads\/2026\/01\/Norbert-Theuerkauf-733x1024.jpg 733w, https:\/\/little-forest-trophy.de\/wp-content\/uploads\/2026\/01\/Norbert-Theuerkauf-768x1072.jpg 768w, https:\/\/little-forest-trophy.de\/wp-content\/uploads\/2026\/01\/Norbert-Theuerkauf-1100x1536.jpg 1100w, https:\/\/little-forest-trophy.de\/wp-content\/uploads\/2026\/01\/Norbert-Theuerkauf.jpg 1169w\" sizes=\"(max-width: 215px) 100vw, 215px\" \/><\/a><br \/>\nLiebe Teilnehmer\/innen des WT`s LITTLE FOREST TROPHY 2026<\/span><\/p>\n<p><span style=\"color: #000000;\">Ich besch\u00e4ftige mich seit mehr als 3 Jahrzehnten mit der Hundearbeit und richte seit 2017 mit grosser Freude zahlreiche WT`s im In- und Ausland.<\/span><\/p>\n<p><span style=\"color: #000000;\">Meine Leidenschaft gilt insbesondere der Arbeit mit unseren Retrievern sowohl im jagdlichen-, als auch im Dummybereich.<\/span><\/p>\n<p><span style=\"color: #000000;\">Seit mehr als 15 Jahren f\u00fchre ich regelm\u00e4ssig meine eigenen Golden Retriever auf unz\u00e4hligen WT`s im In- und Ausland und nahm erfolgreich teil an zahlreichen German Cups, Mock Trials und dem IWT.<\/span><\/p>\n<p><span style=\"color: #000000;\">Ich freue mich darauf, Euch und Euren Hunden, dem Leistungsstand entsprechende Aufgaben stellen und beurteilen zu d\u00fcrfen.<\/span><\/p>\n<p><span style=\"color: #000000;\">Ich bedanke mich recht herzlich bei dem gesamten Organisationsteam des WT`S LTF 2026 f\u00fcr die Einladung.<\/span><\/p>\n<p><span style=\"color: #000000;\">Neben dem Anspruch die hier gestellten Aufgaben gut l\u00f6sen zu wollen, sollten wir nicht vergessen, da\u00df die Arbeit mit unseren Hunden aus Freude erw\u00e4chst und somit auch Freude f\u00fcr beide, Mensch und Hund, bringen soll.<\/span><\/p>\n<p><span style=\"color: #000000;\">Ich w\u00fcnsche allen Gespannen eine sch\u00f6ne und spannende Pr\u00fcfung mit viel Suchengl\u00fcck in einem anspruchsvollen Pr\u00fcfungsgel\u00e4nde.<\/span><\/p>\n<p><span style=\"color: #000000;\">Mit hundefreundlichen Gr\u00fc\u00dfen,<\/span><\/p>\n<p><span style=\"color: #000000;\">Norbert Theuerkauf<\/span><\/p>\n<p>&nbsp;<\/p>\n<hr \/>\n<h3><strong><span style=\"color: #000000;\">Hatice Celik<\/span><\/strong><\/h3>\n<p><a href=\"https:\/\/little-forest-trophy.de\/wp-content\/uploads\/2026\/01\/image0.jpeg\" target=\"_blank\" rel=\"noopener\"><img decoding=\"async\" class=\"alignleft wp-image-612 size-medium\" src=\"https:\/\/little-forest-trophy.de\/wp-content\/uploads\/2026\/01\/image0-300x225.jpeg\" alt=\"\" width=\"300\" height=\"225\" srcset=\"https:\/\/little-forest-trophy.de\/wp-content\/uploads\/2026\/01\/image0-300x225.jpeg 300w, https:\/\/little-forest-trophy.de\/wp-content\/uploads\/2026\/01\/image0.jpeg 640w\" sizes=\"(max-width: 300px) 100vw, 300px\" \/><\/a><span style=\"color: #000000;\">Ich m\u00f6chte mich ganz herzlich f\u00fcr die Einladung zur\u00a0<\/span><br \/>\n<span style=\"color: #000000;\">Little-Forest-Trophy 2026 bedanken.<\/span><\/p>\n<p><span style=\"color: #000000;\">Mein Name ist Hatice \u00c7elik, ich f\u00fchre aktuell zwei Labrador R\u00fcden,<br \/>\ndie ich Jagdlich einsetze und mit denen ich bei der Dummy Arbeit sehr aktiv bin.<\/span><br \/>\n<span style=\"color: #000000;\">Mir macht es Freude, meine Hunde gleicherma\u00dfen auf Dummy Pr\u00fcfungen als auch auf jagdlichen Pr\u00fcfungen zu f\u00fchren. Die M\u00f6glichkeit sich im Training und auf Pr\u00fcfungen mit hundebegeisterten Menschen auszutauschen, empfinde ich als Bereicherung. Die Arbeit mit den Hunden begleitet mich auch international auf Reisen, wo ich gerne an Trainings, Seminaren und Pr\u00fcfungen teilnehme. Die Vielfalt an Eindr\u00fccken pr\u00e4gt meinen Blick auf die Hundeausbildung: Motivation, Fairness und die Freude an der gemeinsamen Arbeit stehen f\u00fcr mich immer im Vordergrund.<\/span><\/p>\n<p><span style=\"color: #000000;\">Ich freue mich als Richterin meine Erfahrungen einzubringen und den Hundef\u00fchrerinnen und Hundef\u00fchrern faire praxisnahe und spannende Aufgaben stellen zu d\u00fcrfen.<\/span><br \/>\n<span style=\"color: #000000;\">Mir ist wichtig, jedes Team individuell zu betrachten und die Freude an der gemeinsamen Arbeit im Vordergrund zu sehen.<\/span><\/p>\n<p><span style=\"color: #000000;\">Ich w\u00fcnsche allen Teilnehmern viel Spa\u00df, Ruhe, Gelassenheit und das n\u00f6tige Suchengl\u00fcck bei der <\/span><br \/>\n<span style=\"color: #000000;\">Little-Forest-Trophy 2026.<\/span><\/p>\n<p><span style=\"color: #000000;\">Ich freue mich auf wundersch\u00f6ne Pr\u00fcfungstage mit euch!<\/span><\/p>\n<p><span style=\"color: #000000;\">Herzlichst Eure,<\/span><br \/>\n<span style=\"color: #000000;\">Hatice<\/span><\/p>\n<hr \/>\n<h3><strong><span style=\"color: #000000;\">Maria Crepaz<\/p>\n<p><a href=\"https:\/\/little-forest-trophy.de\/wp-content\/uploads\/2026\/02\/WhatsApp-Image-2026-02-05-at-16.38.09.jpeg\"><img loading=\"lazy\" decoding=\"async\" class=\"alignleft size-medium wp-image-634\" src=\"https:\/\/little-forest-trophy.de\/wp-content\/uploads\/2026\/02\/WhatsApp-Image-2026-02-05-at-16.38.09-169x300.jpeg\" alt=\"\" width=\"169\" height=\"300\" srcset=\"https:\/\/little-forest-trophy.de\/wp-content\/uploads\/2026\/02\/WhatsApp-Image-2026-02-05-at-16.38.09-169x300.jpeg 169w, https:\/\/little-forest-trophy.de\/wp-content\/uploads\/2026\/02\/WhatsApp-Image-2026-02-05-at-16.38.09-576x1024.jpeg 576w, https:\/\/little-forest-trophy.de\/wp-content\/uploads\/2026\/02\/WhatsApp-Image-2026-02-05-at-16.38.09-768x1365.jpeg 768w, https:\/\/little-forest-trophy.de\/wp-content\/uploads\/2026\/02\/WhatsApp-Image-2026-02-05-at-16.38.09-864x1536.jpeg 864w, https:\/\/little-forest-trophy.de\/wp-content\/uploads\/2026\/02\/WhatsApp-Image-2026-02-05-at-16.38.09.jpeg 900w\" sizes=\"(max-width: 169px) 100vw, 169px\" \/><\/a><\/span><\/strong><\/h3>\n<p><span style=\"color: #000000;\">Mein Name ist Maria Crepaz.<\/span><\/p>\n<p><span style=\"color: #000000;\">Retriever sind meine Leidenschaft und gro\u00dfer Teil meines Lebens. Ich bin J\u00e4gerin und f\u00fchre seit 2004 Retriever in der Niederwildjagd. Im DRC engagiere ich mich mit viel Freude und nutze jede Gelegenheit, gemeinsam mit unseren Hunden zu arbeiten \u2013 am liebsten drau\u00dfen, bei Wind, Wetter und guter Laune.<\/span><\/p>\n<p><span style=\"color: #000000;\">Auf meinen vielf\u00e4ltigen Reisen im In- und Ausland nehme ich regelm\u00e4\u00dfig an Seminaren, Pr\u00fcfungen und Trainings teil. Diese Erfahrungen haben mich fachlich wie pers\u00f6nlich gepr\u00e4gt und meinen Blick f\u00fcr die Arbeit mit den Hunden stetig erweitert.<\/span><\/p>\n<p><span style=\"color: #000000;\">Mein Herz schl\u00e4gt ganz besonders f\u00fcr die Field Trials, auf die ich meine Hunde schwerpunktm\u00e4\u00dfig vorbereite. Im Fr\u00fchjahr und Sommer starte ich mit ihnen auf Working Tests und Mock Trials und f\u00fchre aktuell Hunde in allen Leistungsklassen.<\/span><\/p>\n<p><span style=\"color: #000000;\">Seit 2025 bin ich DRC-Leistungsrichterin und habe gro\u00dfe Freude an dieser neuen Aufgabe. Umso mehr bedanke ich mich herzlich f\u00fcr die Einladung und freue mich darauf, mit Herz, Verstand und einem fairen Blick richten zu d\u00fcrfen.<\/span><\/p>\n<p><span style=\"color: #000000;\">Allen Teams w\u00fcnsche ich viel Freude, harmonische Zusammenarbeit \u2013 und nat\u00fcrlich ganz viel Suchengl\u00fcck!<\/span><\/p>\n<hr \/>\n<p><strong><span style=\"color: #000000;\"><span class=\"tojvnm2t a6sixzi8 abs2jz4q a8s20v7p t1p8iaqh k5wvi7nf q3lfd5jv pk4s997a bipmatt0 cebpdrjk qowsmv63 owwhemhu dp1hu0rb dhp61c6y iyyx5f41\"><span class=\"x193iq5w xeuugli x13faqbe x1vvkbs x1xmvt09 x1lliihq x1s928wv xhkezso x1gmr53x x1cpjm7i x1fgarty x1943h6x xudqn12 x3x7a5m x6prxxf xvq8zen xo1l8bm xzsf02u\" dir=\"auto\">G\u00fcnther Kohler<\/span><\/span><\/span><\/strong><\/p>\n<p><a href=\"https:\/\/little-forest-trophy.de\/wp-content\/uploads\/2026\/02\/WhatsApp-Image-2026-02-02-at-09.33.03.jpeg\"><img loading=\"lazy\" decoding=\"async\" class=\"alignleft wp-image-628 size-medium\" src=\"https:\/\/little-forest-trophy.de\/wp-content\/uploads\/2026\/02\/WhatsApp-Image-2026-02-02-at-09.33.03-300x188.jpeg\" alt=\"\" width=\"300\" height=\"188\" srcset=\"https:\/\/little-forest-trophy.de\/wp-content\/uploads\/2026\/02\/WhatsApp-Image-2026-02-02-at-09.33.03-300x188.jpeg 300w, https:\/\/little-forest-trophy.de\/wp-content\/uploads\/2026\/02\/WhatsApp-Image-2026-02-02-at-09.33.03-1024x640.jpeg 1024w, https:\/\/little-forest-trophy.de\/wp-content\/uploads\/2026\/02\/WhatsApp-Image-2026-02-02-at-09.33.03-768x480.jpeg 768w, https:\/\/little-forest-trophy.de\/wp-content\/uploads\/2026\/02\/WhatsApp-Image-2026-02-02-at-09.33.03-1536x960.jpeg 1536w, https:\/\/little-forest-trophy.de\/wp-content\/uploads\/2026\/02\/WhatsApp-Image-2026-02-02-at-09.33.03.jpeg 2048w\" sizes=\"(max-width: 300px) 100vw, 300px\" \/><\/a><span style=\"color: #000000;\"><span class=\"tojvnm2t a6sixzi8 abs2jz4q a8s20v7p t1p8iaqh k5wvi7nf q3lfd5jv pk4s997a bipmatt0 cebpdrjk qowsmv63 owwhemhu dp1hu0rb dhp61c6y iyyx5f41\"><span class=\"x193iq5w xeuugli x13faqbe x1vvkbs x1xmvt09 x1lliihq x1s928wv xhkezso x1gmr53x x1cpjm7i x1fgarty x1943h6x xudqn12 x3x7a5m x6prxxf xvq8zen xo1l8bm xzsf02u\" dir=\"auto\"><br \/>\nIch habe sehr gerne die Anfrage zum Richten bei der Little Forest Trophy angenommen.<br \/>\n<\/span><\/span><span class=\"tojvnm2t a6sixzi8 abs2jz4q a8s20v7p t1p8iaqh k5wvi7nf q3lfd5jv pk4s997a bipmatt0 cebpdrjk qowsmv63 owwhemhu dp1hu0rb dhp61c6y iyyx5f41\"><span class=\"x193iq5w xeuugli x13faqbe x1vvkbs x1xmvt09 x1lliihq x1s928wv xhkezso x1gmr53x x1cpjm7i x1fgarty x1943h6x xudqn12 x3x7a5m x6prxxf xvq8zen xo1l8bm xzsf02u\" dir=\"auto\"><br \/>\nMeinen ersten Hund bekam ich 1991, Byron, einen Golden Retriever, mit dem ich meine ersten Erfahrungen sammeln durfte.<br \/>\n<\/span><\/span><\/span><span style=\"color: #000000;\">Mit Able, einem Labrador und ganz anderen Typ Hund, wurde diese Erfahrung um einige Kapitel erweitert.<\/span><br \/>\n<span style=\"color: #000000;\">Mit beiden konnte ich den GC gewinnen und bin erfolgreich in Europa gestartet.<\/span><br \/>\n<span style=\"color: #000000;\">Mit Topper, ebenfalls ein Labrador hat es knapp nicht f\u00fcr einen Sieg beim GC gereicht, daf\u00fcr war er mehrfach im Team beim GC und IWT platziert.<\/span><br \/>\n<span style=\"color: #000000;\">Aktuell habe ich eine H\u00fcndin, die mir sehr viel Freude und Spa\u00df bereitet. Auch mit Ihr haben wir uns \u00fcber einen zweiten Platz beim GC freuen d\u00fcrfen.<\/span><\/p>\n<p><span style=\"color: #000000;\">Meine Erfahrungen gebe ich gerne an ambitionierte und motivierte Hundef\u00fchrer weiter. Leistungsrichter bin ich seit 26 Jahren und erlebe dabei immer wieder neue und \u00fcberraschende Dinge.<\/span><br \/>\n<span style=\"color: #000000;\"><span class=\"tojvnm2t a6sixzi8 abs2jz4q a8s20v7p t1p8iaqh k5wvi7nf q3lfd5jv pk4s997a bipmatt0 cebpdrjk qowsmv63 owwhemhu dp1hu0rb dhp61c6y iyyx5f41\"><span class=\"x193iq5w xeuugli x13faqbe x1vvkbs x1xmvt09 x1lliihq x1s928wv xhkezso x1gmr53x x1cpjm7i x1fgarty x1943h6x xudqn12 x3x7a5m x6prxxf xvq8zen xo1l8bm xzsf02u\" dir=\"auto\">Ich w\u00fcnsche allen Teilnehmern einen sch\u00f6nen, spannenden und erfolgreichen Pr\u00fcfungstag und freue mich darauf, Eure Hunde bei der Arbeit sehen und bewerten zu d\u00fcrfen.<\/span><\/span><strong><span class=\"tojvnm2t a6sixzi8 abs2jz4q a8s20v7p t1p8iaqh k5wvi7nf q3lfd5jv pk4s997a bipmatt0 cebpdrjk qowsmv63 owwhemhu dp1hu0rb dhp61c6y iyyx5f41\"><span class=\"x193iq5w xeuugli x13faqbe x1vvkbs x1xmvt09 x1lliihq x1s928wv xhkezso x1gmr53x x1cpjm7i x1fgarty x1943h6x xudqn12 x3x7a5m x6prxxf xvq8zen xo1l8bm xzsf02u\" dir=\"auto\"><br \/>\n<\/span><\/span><\/strong><\/span><\/p>\n<p>&nbsp;<\/p>\n<hr \/>\n<p>&nbsp;<\/p>\n","protected":false},"excerpt":{"rendered":"<p>Betty Schwieren, Pr\u00fcfungsleitung Samstag Seit \u00fcber 30 Jahren sind Retriever nun meine gro\u00dfe Leidenschaft. Ich war und bin fasziniert von ihrem Charakter, ihren F\u00e4higkeiten und ihrer st\u00e4ndigen Bereitschaft, mit ihrem Menschen zusammen zu arbeiten. Und so war es nur selbstverst\u00e4ndlich, dass ich begann, meine Hunde, neben der Jagd und den klassischen deutschen Jagdpr\u00fcfungen auch auf [&hellip;]<\/p>\n","protected":false},"author":1,"featured_media":0,"parent":0,"menu_order":4,"comment_status":"closed","ping_status":"closed","template":"","meta":{"footnotes":""},"class_list":["post-12","page","type-page","status-publish","hentry"],"_links":{"self":[{"href":"https:\/\/little-forest-trophy.de\/index.php?rest_route=\/wp\/v2\/pages\/12","targetHints":{"allow":["GET"]}}],"collection":[{"href":"https:\/\/little-forest-trophy.de\/index.php?rest_route=\/wp\/v2\/pages"}],"about":[{"href":"https:\/\/little-forest-trophy.de\/index.php?rest_route=\/wp\/v2\/types\/page"}],"author":[{"embeddable":true,"href":"https:\/\/little-forest-trophy.de\/index.php?rest_route=\/wp\/v2\/users\/1"}],"replies":[{"embeddable":true,"href":"https:\/\/little-forest-trophy.de\/index.php?rest_route=%2Fwp%2Fv2%2Fcomments&post=12"}],"version-history":[{"count":74,"href":"https:\/\/little-forest-trophy.de\/index.php?rest_route=\/wp\/v2\/pages\/12\/revisions"}],"predecessor-version":[{"id":635,"href":"https:\/\/little-forest-trophy.de\/index.php?rest_route=\/wp\/v2\/pages\/12\/revisions\/635"}],"wp:attachment":[{"href":"https:\/\/little-forest-trophy.de\/index.php?rest_route=%2Fwp%2Fv2%2Fmedia&parent=12"}],"curies":[{"name":"wp","href":"https:\/\/api.w.org\/{rel}","templated":true}]}}