{"id":2,"date":"2022-03-29T18:06:46","date_gmt":"2022-03-29T18:06:46","guid":{"rendered":"https:\/\/little-forest-trophy.de\/?page_id=2"},"modified":"2026-03-20T21:55:11","modified_gmt":"2026-03-20T21:55:11","slug":"sample-page","status":"publish","type":"page","link":"https:\/\/little-forest-trophy.de\/","title":{"rendered":"Home"},"content":{"rendered":"<h3 style=\"text-align: left;\"><em>Herzlich Willkommen auf der Homepage der Little Forest Trophy 2026<\/em><\/h3>\n<hr \/>\n<h2><span style=\"color: #000000;\"><strong>Aktuelles<br \/><\/strong><\/span><\/h2>\n<hr \/>\n<p><span style=\"color: #000000;\"><strong><br \/>19.03.26<\/strong><\/span><\/p>\n<p><strong><span style=\"color: #000000;\">Es war Meldeschluss und die Ab- und Zusagen sind an Euch verschickt. Bitte schaut auch in den Spam Ordner, ansonsten meldet Euch bei uns.<\/span><\/strong><\/p>\n<p><strong><span style=\"color: #000000;\">10.03.26<\/span><\/strong><\/p>\n<p><span style=\"color: #ad1111;\"><strong>Aufgrund eines technischen Problems sind alle Helferanmeldungen, die \u00fcber das Formular auf der Homepage der Little-Forest-Trophy erfolgten, nicht bei uns eingegangen und k\u00f6nnen leider auch nicht mehr rekonstruiert werden. Wir bitten daher alle, die sich bisher als Helfer gemeldet haben oder sich noch melden m\u00f6chten uns direkt eine E-Mail an Little-Forest-Trophy@outlook.de zu senden. Bitte gebt in dieser Mail auch kurz an, an welchem Tag und wie ihr uns unterst\u00fctzen k\u00f6nnt ( z.B. werfen, schie\u00dfen, Blinds auslegen, &#8230; ), kleiner Waffenschein ja\/nein und\/oder ob ihr einen Kuchen spendet.<\/strong><\/span><\/p>\n<p><span style=\"color: #ad1111;\"><strong>Es dankt Euch ganz herzlich eure Sonderleitung Sandra &amp; Elke<\/strong><\/span><\/p>\n<p><span style=\"color: #000000;\"><strong>15.02.26<\/strong><\/span><\/p>\n<p><span style=\"color: #000000;\"><strong>Heute ist Meldestart und wir freuen uns sehr auf Eure Meldungen und nach wie vor auch \u00fcber Helfermeldungen.<\/strong><\/span><\/p>\n<p><span style=\"color: #000000;\"><strong>19.08.25<\/strong><\/span><\/p>\n<p><span style=\"color: #000000;\"><strong>Der Termin f\u00fcr die Little Forest Trophy 2026 steht fest und findet am 18. und 19.04.2026 statt.\u00a0<\/strong><\/span><\/p>\n<p>&nbsp;<\/p>\n<p>&nbsp;<\/p>\n<p>&nbsp;<\/p>\n\n\n<blockquote class=\"wp-block-quote is-layout-flow wp-block-quote-is-layout-flow\">\n<p><\/p>\n<\/blockquote>\n\n\n\n<p><\/p>\n\n\n\n<blockquote class=\"wp-block-quote is-layout-flow wp-block-quote-is-layout-flow\">\n<p><\/p>\n<\/blockquote>\n\n\n\n<p><\/p>\n\n\n\n<p><\/p>\n\n\n\n<p><\/p>\n\n\n\n<p><\/p>\n\n\n\n<p><\/p>\n","protected":false},"excerpt":{"rendered":"<p>Herzlich Willkommen auf der Homepage der Little Forest Trophy 2026 Aktuelles 19.03.26 Es war Meldeschluss und die Ab- und Zusagen sind an Euch verschickt. Bitte schaut auch in den Spam Ordner, ansonsten meldet Euch bei uns. 10.03.26 Aufgrund eines technischen Problems sind alle Helferanmeldungen, die \u00fcber das Formular auf der Homepage der Little-Forest-Trophy erfolgten, nicht [&hellip;]<\/p>\n","protected":false},"author":1,"featured_media":0,"parent":0,"menu_order":0,"comment_status":"closed","ping_status":"open","template":"","meta":{"footnotes":""},"class_list":["post-2","page","type-page","status-publish","hentry"],"_links":{"self":[{"href":"https:\/\/little-forest-trophy.de\/index.php?rest_route=\/wp\/v2\/pages\/2","targetHints":{"allow":["GET"]}}],"collection":[{"href":"https:\/\/little-forest-trophy.de\/index.php?rest_route=\/wp\/v2\/pages"}],"about":[{"href":"https:\/\/little-forest-trophy.de\/index.php?rest_route=\/wp\/v2\/types\/page"}],"author":[{"embeddable":true,"href":"https:\/\/little-forest-trophy.de\/index.php?rest_route=\/wp\/v2\/users\/1"}],"replies":[{"embeddable":true,"href":"https:\/\/little-forest-trophy.de\/index.php?rest_route=%2Fwp%2Fv2%2Fcomments&post=2"}],"version-history":[{"count":107,"href":"https:\/\/little-forest-trophy.de\/index.php?rest_route=\/wp\/v2\/pages\/2\/revisions"}],"predecessor-version":[{"id":698,"href":"https:\/\/little-forest-trophy.de\/index.php?rest_route=\/wp\/v2\/pages\/2\/revisions\/698"}],"wp:attachment":[{"href":"https:\/\/little-forest-trophy.de\/index.php?rest_route=%2Fwp%2Fv2%2Fmedia&parent=2"}],"curies":[{"name":"wp","href":"https:\/\/api.w.org\/{rel}","templated":true}]}}