{"id":277,"date":"2022-05-24T20:51:53","date_gmt":"2022-05-24T20:51:53","guid":{"rendered":"https:\/\/little-forest-trophy.de\/?page_id=277"},"modified":"2025-04-19T20:19:45","modified_gmt":"2025-04-19T20:19:45","slug":"277-2","status":"publish","type":"page","link":"https:\/\/little-forest-trophy.de\/?page_id=277","title":{"rendered":"Bilder"},"content":{"rendered":"<p><span style=\"color: #000000;\">Dieses Jahr zur 11. Little Forest waren Katrin B\u00fccker und Ruth Benger flei\u00dfig, vielen Dank f\u00fcr Eure Bilder. Ihr habt so sch\u00f6ne Momente eingefangen. <\/span><\/p>\n<p><span style=\"color: #000000;\">Hier findet Ihr die Bilder von den Anf\u00e4nger am Samstag<\/span><\/p>\n<p><a href=\"https:\/\/www.pictrs.com\/ruthbenger\/7871880\" target=\"_blank\" rel=\"noopener\"><strong><span style=\"color: #ff0000;\"><span style=\"color: #800000;\">https:\/\/www.pictrs.com\/ruthbenger\/7871880<\/span><\/span><\/strong><\/a><br \/><br \/><span style=\"color: #000000;\">Bei diesem Link seht Ihr die Bilder der Offenen Klasse vom Samstag.<\/span><br \/><br \/><strong><span style=\"color: #800000;\"><a style=\"color: #800000;\" href=\"https:\/\/www.pictrs.com\/ruthbenger\/3348224\" target=\"_blank\" rel=\"noopener\">https:\/\/www.pictrs.com\/ruthbenger\/3348224<\/a><\/span><\/strong><\/p>\n<p><span style=\"color: #000000;\">Und hier findet Ihr schon alle Bilder von Katrin B\u00fccker vom Sonntag<\/span><\/p>\n<p><span style=\"color: #800000;\"><a style=\"color: #800000;\" href=\"https:\/\/www.pictrs.com\/katrinbuecker\/8848946\" target=\"_blank\" rel=\"noopener\"><strong>https:\/\/www.pictrs.com\/katrinbuecker\/8848946<\/strong><\/a><\/span><\/p>\n<hr \/>\n<p><span style=\"color: #000000;\">Die wundersch\u00f6nen Bilder von Kerstin Bauer von der 10. LFT sind online. <\/span><\/p>\n<p><a href=\"https:\/\/www.pictrs.com\/kbauer9\" target=\"_blank\" rel=\"noopener\"><strong><span style=\"color: #ff0000;\"><span style=\"color: #800000;\">https:\/\/www.pictrs.com\/kbauer9<\/span><\/span><\/strong><\/a><\/p>\n<p><span style=\"color: #000000;\">Vielen lieben Dank, dass Du wieder da gewesen bist und f\u00fcr deinen grandiosen Einsatz, liebe Kerstin!<\/span><\/p>\n<hr \/>\n<p style=\"text-align: center;\"><span class=\"x4k7w5x x1h91t0o x1h9r5lt x1jfb8zj xv2umb2 x1beo9mf xaigb6o x12ejxvf x3igimt xarpa2k xedcshv x1lytzrv x1t2pt76 x7ja8zs x1qrby5j\"><span style=\"color: #000000;\">Hier findet Ihr die Fotogalerie von 2023 <\/span><\/span><\/p>\n<p><strong><span style=\"color: #800000;\"><a class=\"x1i10hfl xjbqb8w x6umtig x1b1mbwd xaqea5y xav7gou x9f619 x1ypdohk xt0psk2 xe8uvvx xdj266r x11i5rnm xat24cr x1mh8g0r xexx8yu x4uap5 x18d9i69 xkhd6sd x16tdsg8 xggy1nq x1a2a7pz xt0b8zv x1heor9g x1bvjpef\" style=\"color: #800000;\" tabindex=\"-1\" role=\"link\" href=\"https:\/\/l.facebook.com\/l.php?u=https%3A%2F%2Fwww.picdrop.com%2Fkerstinbauer9%2F994T5MCLiL%3Ffbclid%3DIwAR0F0ooq8z3O0LWj3CThYCUX_EiVEwdKt1fpHuz_4EEEIw9TDGzjHeBoaZg&amp;h=AT1rqSmjf0KcyQ5gETedmqseqMNMl-4yF1Px5JmRrC1csdYbAVNTs43Dup4twmggYDI1PAgqhHtkqccBwIvOC_Hu41h0mtpen6tNcei18OVyzqUsngBMNlAmbwhUttTJnjFwjH_TxWW3DQc7aAEi6A\" target=\"_blank\" rel=\"nofollow noopener\">https:\/\/www.picdrop.com\/kerstinbauer9\/994T5MCLiL<\/a><\/span><\/strong><\/p>\n<p><span style=\"color: #000000;\">Die Bilder mit Copyright und Wasserzeichen sind von Kerstin Bauer, die Bilder ohne Wasserzeichen sind von Antoinette Heckmann. Alle Bilder stehen frei zum Download ! <\/span><\/p>\n<p><span style=\"color: #000000;\">Vielen lieben Dank an Kerstin Bauer!<\/span><\/p>\n<hr \/>\n<p style=\"text-align: center;\">\u00a0<\/p>\n\n\n<figure class=\"wp-block-gallery has-nested-images columns-default is-cropped wp-block-gallery-1 is-layout-flex wp-block-gallery-is-layout-flex\">\n<figure class=\"wp-block-image size-large\"><img fetchpriority=\"high\" decoding=\"async\" width=\"318\" height=\"158\" data-id=\"328\" src=\"https:\/\/little-forest-trophy.de\/wp-content\/uploads\/2023\/02\/index2.jpeg\" alt=\"\" class=\"wp-image-328\" srcset=\"https:\/\/little-forest-trophy.de\/wp-content\/uploads\/2023\/02\/index2.jpeg 318w, https:\/\/little-forest-trophy.de\/wp-content\/uploads\/2023\/02\/index2-300x149.jpeg 300w\" sizes=\"(max-width: 318px) 100vw, 318px\" \/><\/figure>\n\n\n\n<figure class=\"wp-block-image size-large\"><img decoding=\"async\" width=\"333\" height=\"151\" data-id=\"330\" src=\"https:\/\/little-forest-trophy.de\/wp-content\/uploads\/2023\/02\/index3.jpeg\" alt=\"\" class=\"wp-image-330\" srcset=\"https:\/\/little-forest-trophy.de\/wp-content\/uploads\/2023\/02\/index3.jpeg 333w, https:\/\/little-forest-trophy.de\/wp-content\/uploads\/2023\/02\/index3-300x136.jpeg 300w\" sizes=\"(max-width: 333px) 100vw, 333px\" \/><\/figure>\n\n\n\n<figure class=\"wp-block-image size-large\"><img decoding=\"async\" width=\"311\" height=\"162\" data-id=\"326\" src=\"https:\/\/little-forest-trophy.de\/wp-content\/uploads\/2023\/02\/index.jpeg\" alt=\"\" class=\"wp-image-326\" srcset=\"https:\/\/little-forest-trophy.de\/wp-content\/uploads\/2023\/02\/index.jpeg 311w, https:\/\/little-forest-trophy.de\/wp-content\/uploads\/2023\/02\/index-300x156.jpeg 300w\" sizes=\"(max-width: 311px) 100vw, 311px\" \/><\/figure>\n\n\n\n<figure class=\"wp-block-image size-large\"><img loading=\"lazy\" decoding=\"async\" width=\"1024\" height=\"683\" data-id=\"331\" src=\"https:\/\/little-forest-trophy.de\/wp-content\/uploads\/2023\/02\/IMG_6997-4-1024x683.jpg\" alt=\"\" class=\"wp-image-331\" srcset=\"https:\/\/little-forest-trophy.de\/wp-content\/uploads\/2023\/02\/IMG_6997-4-1024x683.jpg 1024w, https:\/\/little-forest-trophy.de\/wp-content\/uploads\/2023\/02\/IMG_6997-4-300x200.jpg 300w, https:\/\/little-forest-trophy.de\/wp-content\/uploads\/2023\/02\/IMG_6997-4-768x512.jpg 768w, https:\/\/little-forest-trophy.de\/wp-content\/uploads\/2023\/02\/IMG_6997-4-1536x1024.jpg 1536w, https:\/\/little-forest-trophy.de\/wp-content\/uploads\/2023\/02\/IMG_6997-4.jpg 1800w\" sizes=\"(max-width: 1024px) 100vw, 1024px\" \/><\/figure>\n\n\n\n<figure class=\"wp-block-image size-large\"><img loading=\"lazy\" decoding=\"async\" width=\"275\" height=\"183\" data-id=\"327\" src=\"https:\/\/little-forest-trophy.de\/wp-content\/uploads\/2023\/02\/images.jpeg\" alt=\"\" class=\"wp-image-327\"\/><\/figure>\n<\/figure>\n","protected":false},"excerpt":{"rendered":"<p>Dieses Jahr zur 11. Little Forest waren Katrin B\u00fccker und Ruth Benger flei\u00dfig, vielen Dank f\u00fcr Eure Bilder. Ihr habt so sch\u00f6ne Momente eingefangen. Hier findet Ihr die Bilder von den Anf\u00e4nger am Samstag https:\/\/www.pictrs.com\/ruthbenger\/7871880 Bei diesem Link seht Ihr die Bilder der Offenen Klasse vom Samstag. https:\/\/www.pictrs.com\/ruthbenger\/3348224 Und hier findet Ihr schon alle Bilder [&hellip;]<\/p>\n","protected":false},"author":1,"featured_media":0,"parent":0,"menu_order":0,"comment_status":"closed","ping_status":"closed","template":"","meta":{"footnotes":""},"class_list":["post-277","page","type-page","status-publish","hentry"],"_links":{"self":[{"href":"https:\/\/little-forest-trophy.de\/index.php?rest_route=\/wp\/v2\/pages\/277","targetHints":{"allow":["GET"]}}],"collection":[{"href":"https:\/\/little-forest-trophy.de\/index.php?rest_route=\/wp\/v2\/pages"}],"about":[{"href":"https:\/\/little-forest-trophy.de\/index.php?rest_route=\/wp\/v2\/types\/page"}],"author":[{"embeddable":true,"href":"https:\/\/little-forest-trophy.de\/index.php?rest_route=\/wp\/v2\/users\/1"}],"replies":[{"embeddable":true,"href":"https:\/\/little-forest-trophy.de\/index.php?rest_route=%2Fwp%2Fv2%2Fcomments&post=277"}],"version-history":[{"count":14,"href":"https:\/\/little-forest-trophy.de\/index.php?rest_route=\/wp\/v2\/pages\/277\/revisions"}],"predecessor-version":[{"id":580,"href":"https:\/\/little-forest-trophy.de\/index.php?rest_route=\/wp\/v2\/pages\/277\/revisions\/580"}],"wp:attachment":[{"href":"https:\/\/little-forest-trophy.de\/index.php?rest_route=%2Fwp%2Fv2%2Fmedia&parent=277"}],"curies":[{"name":"wp","href":"https:\/\/api.w.org\/{rel}","templated":true}]}}