{"id":308,"date":"2023-02-01T20:56:42","date_gmt":"2023-02-01T20:56:42","guid":{"rendered":"https:\/\/little-forest-trophy.de\/?page_id=308"},"modified":"2026-03-12T08:49:38","modified_gmt":"2026-03-12T08:49:38","slug":"helfer-2","status":"publish","type":"page","link":"https:\/\/little-forest-trophy.de\/?page_id=308","title":{"rendered":"Helfer"},"content":{"rendered":"<p><span style=\"color: #b31515;\"><strong>Aufgrund eines technischen Problems sind alle Helferanmeldungen, die \u00fcber das Formular auf der Homepage der Little-Forest-Trophy erfolgten, nicht bei uns eingegangen und k\u00f6nnen leider auch nicht mehr rekonstruiert werden. <br \/><br \/>Wir bitten daher alle, die sich bisher als Helfer gemeldet haben oder sich noch melden m\u00f6chten uns direkt eine E-Mail an <br \/><br \/>Little-Forest-Trophy@outlook.de zu senden. <br \/><br \/>Bitte gebt in dieser Mail auch kurz an, an welchem Tag und wie ihr uns unterst\u00fctzen k\u00f6nnt ( z.B. werfen, schie\u00dfen, Blinds auslegen, \u2026 ), kleiner Waffenschein ja\/nein und\/oder ob ihr einen Kuchen spendet. Jemand der hilft oder einen Helfer stellt, wird bei der Startplatzvergabe bevorzugt.<\/strong><\/span><\/p>\n<p><span style=\"color: #b31515;\"><strong>Wir freuen uns sehr \u00fcber Eure Meldungen und freuen uns auf Euch!<\/strong><\/span><\/p>\n<p><span style=\"color: #b31515;\"><strong>Es dankt Euch ganz herzlich eure Sonderleitung Sandra &amp; Elke<\/strong><\/span><\/p>\n<p>&nbsp;<\/p>\n<p>&nbsp;<\/p>\n\n\n<p><\/p>\n","protected":false},"excerpt":{"rendered":"<p>Aufgrund eines technischen Problems sind alle Helferanmeldungen, die \u00fcber das Formular auf der Homepage der Little-Forest-Trophy erfolgten, nicht bei uns eingegangen und k\u00f6nnen leider auch nicht mehr rekonstruiert werden. Wir bitten daher alle, die sich bisher als Helfer gemeldet haben oder sich noch melden m\u00f6chten uns direkt eine E-Mail an Little-Forest-Trophy@outlook.de zu senden. Bitte gebt [&hellip;]<\/p>\n","protected":false},"author":3,"featured_media":0,"parent":0,"menu_order":0,"comment_status":"closed","ping_status":"closed","template":"","meta":{"footnotes":""},"class_list":["post-308","page","type-page","status-publish","hentry"],"_links":{"self":[{"href":"https:\/\/little-forest-trophy.de\/index.php?rest_route=\/wp\/v2\/pages\/308","targetHints":{"allow":["GET"]}}],"collection":[{"href":"https:\/\/little-forest-trophy.de\/index.php?rest_route=\/wp\/v2\/pages"}],"about":[{"href":"https:\/\/little-forest-trophy.de\/index.php?rest_route=\/wp\/v2\/types\/page"}],"author":[{"embeddable":true,"href":"https:\/\/little-forest-trophy.de\/index.php?rest_route=\/wp\/v2\/users\/3"}],"replies":[{"embeddable":true,"href":"https:\/\/little-forest-trophy.de\/index.php?rest_route=%2Fwp%2Fv2%2Fcomments&post=308"}],"version-history":[{"count":13,"href":"https:\/\/little-forest-trophy.de\/index.php?rest_route=\/wp\/v2\/pages\/308\/revisions"}],"predecessor-version":[{"id":684,"href":"https:\/\/little-forest-trophy.de\/index.php?rest_route=\/wp\/v2\/pages\/308\/revisions\/684"}],"wp:attachment":[{"href":"https:\/\/little-forest-trophy.de\/index.php?rest_route=%2Fwp%2Fv2%2Fmedia&parent=308"}],"curies":[{"name":"wp","href":"https:\/\/api.w.org\/{rel}","templated":true}]}}