{"id":8,"date":"2022-03-29T18:24:10","date_gmt":"2022-03-29T18:24:10","guid":{"rendered":"https:\/\/little-forest-trophy.de\/?page_id=8"},"modified":"2025-12-03T19:20:51","modified_gmt":"2025-12-03T19:20:51","slug":"ausschreibung","status":"publish","type":"page","link":"https:\/\/little-forest-trophy.de\/?page_id=8","title":{"rendered":"Ausschreibung"},"content":{"rendered":"<h2>Workingtest<\/h2>\n<h3>am 18.\/19. April 2026<\/h3>\n<p><span style=\"color: #000000;\">in Schwalmtal &#8211; L\u00fcttelforst<\/span><\/p>\n<h3><span style=\"color: #000000;\">Klassen<\/span><\/h3>\n<p><span style=\"color: #000000;\">Samstag: Vormittags F, Nachmittags O<br \/>\nSonntag: Vormittags A, Nachmittags F<\/span><\/p>\n<h3><span style=\"color: #000000;\">Richter<\/span><\/h3>\n<p><span style=\"color: #000000;\">Betty Schwieren (PL &#8211; Samstag)<br \/>\nNorbert Theuerkauf (PL &#8211; Sonntag)<br \/>\nMaria Crepaz<br \/>\nHatice Celik<br \/>\nG\u00fcnther Kohler<\/span><span class=\"x193iq5w xeuugli x13faqbe x1vvkbs x1xmvt09 x1lliihq x1s928wv xhkezso x1gmr53x x1cpjm7i x1fgarty x1943h6x xudqn12 x3x7a5m x6prxxf xvq8zen xo1l8bm xzsf02u\" dir=\"auto\" style=\"color: #000000;\"><br \/>\n<\/span><\/p>\n<h3><span style=\"color: #000000;\">Meldestart<\/span><\/h3>\n<p><span style=\"color: #000000;\">15. Februar 2026<\/span><\/p>\n<h3><span style=\"color: #000000;\">Meldeschlu\u00df<\/span><\/h3>\n<p><span style=\"color: #000000;\">15. M\u00e4rz 2026<\/span><\/p>\n<h3><span style=\"color: #000000;\">Sonderleitung<\/span><\/h3>\n<p><span style=\"color: #000000;\">Sandra Lemke &amp; Elke Busch<br \/>\nLittle-Forest-Trophy@outlook.de<br \/>\n<\/span><\/p>\n<h3><span style=\"color: #000000;\">Meldegeld<\/span><\/h3>\n<p><span style=\"color: #000000;\">60\u20ac pro Gespann f\u00fcr DRC Mitglieder (75\u20ac f\u00fcr nicht DRC Mitglieder).<\/span><br \/>\n<span style=\"color: #000000;\">Das Startgeld ist erst nach erfolgter Startplatzbest\u00e4tigung binnen 5 Tagen zu \u00fcberweisen. Die Bankverbindung geht den Startern zusammen mit der Startplatzzusage per eMail zu.<\/span><\/p>\n<h3><span style=\"color: #000000;\">Allgemeine Informationen<\/span><\/h3>\n<p><span style=\"color: #000000;\"><strong><span class=\"tojvnm2t a6sixzi8 abs2jz4q a8s20v7p t1p8iaqh k5wvi7nf q3lfd5jv pk4s997a bipmatt0 cebpdrjk qowsmv63 owwhemhu dp1hu0rb dhp61c6y iyyx5f41\">Bitte beachten!! Zum Start WT A muss eine bestandene APD\/A oder eine vergleichbare Pr\u00fcfung aus dem Anhang der APD vorliegen. Die \u00dcbergangsregelung entf\u00e4llt \u2013 seit dem 01.01.2022 ist wieder die alte Regelung in Kraft.&#8220;<\/span><\/strong><\/span><br \/>\n<span style=\"color: #000000;\">Die Teilnehmerzahl je Klasse ist begrenzt. Nach Meldeschluss entscheidet das Los.<\/span><br \/>\n<span style=\"color: #000000;\">Sollten in einer Klasse nicht mindestens 12 Meldungen eingehen, behalten wir uns vor, die Klasse zu streichen. \u00dcber das Kontingent hinaus vorliegende Anmeldungen gehen automatisch auf die Warteliste. Kopien von Ahnentafel, Leistungsheft, etc. sind nicht notwendig.<\/span><br \/>\n<span style=\"color: #000000;\">Jeder Teilnehmer ist f\u00fcr die Richtigkeit der \u00fcbermittelten Daten verantwortlich.<\/span><br \/>\n<span style=\"color: #000000;\">Am Pr\u00fcfungstag sind folgende original Unterlagen vorzulegen:<\/span><br \/>\n<span style=\"color: #000000;\">Ahnentafel\/Leistungsheft, g\u00fcltiger Impfpass und Nachweis der Haftpflichtversicherung.<\/span><br \/>\n<span style=\"color: #000000;\">Es gelten die Wettbewerbsbedingungen des DRC. Der Rechtsweg ist ausgeschlossen.<\/span><\/p>\n<p><span class=\"tojvnm2t a6sixzi8 abs2jz4q a8s20v7p t1p8iaqh k5wvi7nf q3lfd5jv pk4s997a bipmatt0 cebpdrjk qowsmv63 owwhemhu dp1hu0rb dhp61c6y iyyx5f41\" style=\"color: #000000;\">Jeder Teilnehmende ist f\u00fcr die Einhaltung der tierschutzrechtlichen Bestimmungen hinsichtlich des Verbleibs des Hundes im Auto am Tag der Veranstaltung selbst verantwortlich.<\/span><\/p>\n","protected":false},"excerpt":{"rendered":"<p>Workingtest am 18.\/19. April 2026 in Schwalmtal &#8211; L\u00fcttelforst Klassen Samstag: Vormittags F, Nachmittags O Sonntag: Vormittags A, Nachmittags F Richter Betty Schwieren (PL &#8211; Samstag) Norbert Theuerkauf (PL &#8211; Sonntag) Maria Crepaz Hatice Celik G\u00fcnther Kohler Meldestart 15. Februar 2026 Meldeschlu\u00df 15. M\u00e4rz 2026 Sonderleitung Sandra Lemke &amp; Elke Busch Little-Forest-Trophy@outlook.de Meldegeld 60\u20ac pro [&hellip;]<\/p>\n","protected":false},"author":1,"featured_media":0,"parent":0,"menu_order":2,"comment_status":"closed","ping_status":"closed","template":"","meta":{"footnotes":""},"class_list":["post-8","page","type-page","status-publish","hentry"],"_links":{"self":[{"href":"https:\/\/little-forest-trophy.de\/index.php?rest_route=\/wp\/v2\/pages\/8","targetHints":{"allow":["GET"]}}],"collection":[{"href":"https:\/\/little-forest-trophy.de\/index.php?rest_route=\/wp\/v2\/pages"}],"about":[{"href":"https:\/\/little-forest-trophy.de\/index.php?rest_route=\/wp\/v2\/types\/page"}],"author":[{"embeddable":true,"href":"https:\/\/little-forest-trophy.de\/index.php?rest_route=\/wp\/v2\/users\/1"}],"replies":[{"embeddable":true,"href":"https:\/\/little-forest-trophy.de\/index.php?rest_route=%2Fwp%2Fv2%2Fcomments&post=8"}],"version-history":[{"count":35,"href":"https:\/\/little-forest-trophy.de\/index.php?rest_route=\/wp\/v2\/pages\/8\/revisions"}],"predecessor-version":[{"id":609,"href":"https:\/\/little-forest-trophy.de\/index.php?rest_route=\/wp\/v2\/pages\/8\/revisions\/609"}],"wp:attachment":[{"href":"https:\/\/little-forest-trophy.de\/index.php?rest_route=%2Fwp%2Fv2%2Fmedia&parent=8"}],"curies":[{"name":"wp","href":"https:\/\/api.w.org\/{rel}","templated":true}]}}